{"id":6426,"date":"2020-10-05T17:20:39","date_gmt":"2020-10-05T15:20:39","guid":{"rendered":"https:\/\/europeannursingebp.com\/es\/?page_id=6426"},"modified":"2022-02-16T10:31:45","modified_gmt":"2022-02-16T09:31:45","slug":"cookies","status":"publish","type":"page","link":"https:\/\/europeannursingebp.com\/es\/cookies\/","title":{"rendered":"Cookies"},"content":{"rendered":"\n<p>En esta web recopilamos y utilizamos la informaci\u00f3n seg\u00fan indicamos en nuestra&nbsp;<a href=\"https:\/\/europeannursingebp.com\/es\/privacidad\/\" data-type=\"page\" data-id=\"6422\" target=\"_blank\" rel=\"noreferrer noopener\">pol\u00edtica de privacidad<\/a>.<\/p>\n\n\n\n<p>Una de las formas en las que recopilamos informaci\u00f3n es a trav\u00e9s del uso de la tecnolog\u00eda llamada \u201ccookies\u201d. En este sitio, se utilizan cookies para varias cosas.<\/p>\n\n\n\n<h4 class=\"wp-block-heading\" id=\"que-es-una-cookie\">\u00bfQu\u00e9 es una cookie?<\/h4>\n\n\n\n<p>Una \u201ccookie\u201d es una peque\u00f1a cantidad de texto que se almacena en tu navegador (como Chrome de Google, Firefox de Mozilla o Safari de Apple) cuando navegas por la mayor\u00eda de los sitios web.<\/p>\n\n\n\n<h4 class=\"wp-block-heading\" id=\"que-no-es-una-cookie\">\u00bfQu\u00e9 NO es una cookie?<\/h4>\n\n\n\n<p>No es un virus, ni un troyano, ni un gusano, ni spam, ni spyware, ni abre ventanas pop-up.<\/p>\n\n\n\n<h4 class=\"wp-block-heading\" id=\"que-informacion-almacena-una-cookie\">\u00bfQu\u00e9 informaci\u00f3n almacena una cookie?<\/h4>\n\n\n\n<p>Las cookies no suelen almacenar informaci\u00f3n sensible sobre t\u00ed, como tarjetas de cr\u00e9dito o datos bancarios, fotograf\u00edas o informaci\u00f3n personal, etc. Los datos que guardan son de car\u00e1cter t\u00e9cnico, estad\u00edsticos, preferencias personales, personalizaci\u00f3n de contenidos, etc.<\/p>\n\n\n\n<p>El servidor web no te asocia a t\u00ed como persona sino a tu navegador web. De hecho, si navegas habitualmente con el navegador Chrome y prueba a navegar por la misma web con el navegador Firefox, ver\u00e1s que la web no se da cuenta que es eres la misma persona porque en realidad est\u00e1 asociando la informaci\u00f3n al navegador, no a la persona.<\/p>\n\n\n\n<h4 class=\"wp-block-heading\" id=\"que-tipo-de-cookies-existen\">\u00bfQu\u00e9 tipo de cookies existen?<\/h4>\n\n\n\n<p><strong>Cookies t\u00e9cnicas:<\/strong>&nbsp;Son las m\u00e1s elementales y permiten, entre otras cosas, saber cu\u00e1ndo est\u00e1 navegando un humano o una aplicaci\u00f3n automatizada, cu\u00e1ndo navega un usuario an\u00f3nimo y uno registrado, tareas b\u00e1sicas para el funcionamiento de cualquier web din\u00e1mica.<\/p>\n\n\n\n<p><strong>Cookies de an\u00e1lisis:<\/strong>&nbsp;Recogen informaci\u00f3n sobre el tipo de navegaci\u00f3n que est\u00e1 realizando, las secciones que m\u00e1s utiliza, productos consultados, franja horaria de uso, idioma, etc.<\/p>\n\n\n\n<p><strong>Cookies publicitarias:<\/strong>&nbsp;Muestran publicidad en funci\u00f3n de su navegaci\u00f3n, su pa\u00eds de procedencia, idioma, etc.<\/p>\n\n\n\n<h4 class=\"wp-block-heading\" id=\"que-son-las-cookies-propias-y-las-de-terceros\">\u00bfQu\u00e9 son las cookies propias y las de terceros?<\/h4>\n\n\n\n<p>Las cookies propias son las generadas por la p\u00e1gina que est\u00e1s visitando y las de terceros son las generadas por servicios o proveedores externos como Facebook, Twitter, Google, etc.<\/p>\n\n\n\n<h4 class=\"wp-block-heading\" id=\"que-cookies-utiliza-esta-web\">\u00bfQu\u00e9 cookies utiliza esta web?<\/h4>\n\n\n\n<p>Esta web utiliza cookies propias y de terceros. En este sitio web se utilizan las siguientes cookies que se detallan a continuaci\u00f3n:<\/p>\n\n\n\n<ul class=\"wp-block-list\"><li><strong>wordpress_test_cookie:&nbsp;<\/strong><em>cookie<\/em>&nbsp;funcional&nbsp;utilizada por WordPress para probar si el&nbsp;<em>navegador<\/em>&nbsp;utilizado puede aceptar&nbsp;<em>cookies<\/em>&nbsp;.&nbsp;Para m\u00e1s informaci\u00f3n, consulte la&nbsp;&nbsp;p\u00e1gina de&nbsp;<a href=\"https:\/\/codex.wordpress.org\/WordPress_Cookies\">Cookies de WordPress<\/a>&nbsp;.&nbsp;Duraci\u00f3n: sesi\u00f3n.<\/li><li><strong>wp-settings-time-1:&nbsp;<\/strong><em>cookie<\/em>&nbsp;funcional&nbsp;utilizada por WordPress.&nbsp;WordPress tambi\u00e9n establece algunas cookies wp-settings- {time} \u2013 [UID].&nbsp;El n\u00famero al final es su ID de usuario individual de la tabla de base de datos de usuarios.&nbsp;Esto se utiliza para personalizar su vista de la interfaz de administraci\u00f3n, y posiblemente tambi\u00e9n la interfaz del sitio principal.&nbsp;Para m\u00e1s informaci\u00f3n, consulte la&nbsp;&nbsp;p\u00e1gina de&nbsp;<a href=\"https:\/\/codex.wordpress.org\/WordPress_Cookies\">Cookies de WordPress<\/a>&nbsp;.&nbsp;Duraci\u00f3n: 1 a\u00f1o.<\/li><li><strong>wp-settings-1:&nbsp;<\/strong><em>cookie<\/em>&nbsp;funcional&nbsp;utilizada por WordPress.&nbsp;WordPress tambi\u00e9n establece algunas cookies wp-settings- [UID].&nbsp;El n\u00famero al final es su ID de usuario individual de la tabla de base de datos de usuarios.&nbsp;Esto se utiliza para personalizar su vista de la interfaz de administraci\u00f3n, y posiblemente tambi\u00e9n la interfaz del sitio principal.&nbsp;Para m\u00e1s informaci\u00f3n, consulte la&nbsp;&nbsp;&nbsp;p\u00e1gina de&nbsp;<a href=\"https:\/\/codex.wordpress.org\/WordPress_Cookies\">Cookies de WordPress<\/a>&nbsp;.&nbsp;Duraci\u00f3n: 1 a\u00f1o.<\/li><li><strong>wordpress_sec_:&nbsp;&nbsp;<\/strong><em>cookie<\/em>&nbsp;funcional&nbsp;utilizada por WordPress para mantener la sesi\u00f3n para un usuario registrado.&nbsp;Para m\u00e1s informaci\u00f3n, consulte la&nbsp;&nbsp;p\u00e1gina de&nbsp;<a href=\"https:\/\/codex.wordpress.org\/WordPress_Cookies\">Cookies de WordPress<\/a>&nbsp;.&nbsp;Duraci\u00f3n: sesi\u00f3n.<\/li><li><strong>wordpress_logged_in_:&nbsp;&nbsp;<\/strong><em>cookie<\/em>&nbsp;funcional&nbsp;utilizada por WordPress para identificar al usuario que inici\u00f3 sesi\u00f3n. Para obtener m\u00e1s informaci\u00f3n, consulte la&nbsp;&nbsp;&nbsp;p\u00e1gina de&nbsp;<a href=\"https:\/\/codex.wordpress.org\/WordPress_Cookies\">cookies de WordPress<\/a>&nbsp;.&nbsp;Duraci\u00f3n: sesi\u00f3n.<\/li><\/ul>\n\n\n\n<h4 class=\"wp-block-heading\" id=\"cookies-de-terceros\">Cookies de terceros.<\/h4>\n\n\n\n<p>ENCLEBP es usuario de la plataforma de suministro y alojamiento de blogs WordPress, propiedad de la empresa norteamericana Automattic, Inc. A tales efectos, los usos de tales cookies por los sistemas nunca est\u00e1n bajo control o gesti\u00f3n del responsable de la web, pueden cambiar su funci\u00f3n en cualquier momento, y entrar cookies nuevas. Estas cookies tampoco reportan al responsable de esta web beneficio alguno. Automattic, Inc., utiliza adem\u00e1s otras cookies con la finalidad de ayudar a identificar y rastrear a los visitantes de los sitios de WordPress, conocer el uso que hacen del sitio web de Automattic, as\u00ed como sus preferencias de acceso al mismo, tal y como se recoge en el apartado \u201cCookies\u201d de su pol\u00edtica de privacidad.<\/p>\n\n\n\n<p>Las cookies de redes sociales pueden almacenarse en tu navegador mientras navegas por&nbsp;<a href=\"https:\/\/europeannursingebp.com\/\" data-type=\"URL\" data-id=\"https:\/\/europeannursingebp.com\/\">https:\/\/europeannursingebp.com\/<\/a>&nbsp;por ejemplo, cuando utilizas el bot\u00f3n de compartir contenidos de&nbsp;<a href=\"https:\/\/europeannursingebp.com\/\">https:\/\/europeannursingebp.com\/<\/a>&nbsp;en alguna red social.<\/p>\n\n\n\n<p>A continuaci\u00f3n tienes informaci\u00f3n sobre las cookies de las redes sociales que utiliza esta web en sus propias pol\u00edticas de cookies:<\/p>\n\n\n\n<ul class=\"wp-block-list\"><li>Cookies de Facebook, ver m\u00e1s informaci\u00f3n en su&nbsp;<a href=\"https:\/\/es-es.facebook.com\/policies\/cookies\/\" target=\"_blank\" rel=\"noreferrer noopener\">pol\u00edtica de cookies<\/a><\/li><li>Cookies de Twitter, ver m\u00e1s informaci\u00f3n en su&nbsp;<a href=\"https:\/\/help.twitter.com\/es\/rules-and-policies\/twitter-cookies\" target=\"_blank\" rel=\"noreferrer noopener\">pol\u00edtica de cookies<\/a><\/li><li>Cookies de Instagram, ver m\u00e1s informaci\u00f3n en su&nbsp;<a href=\"https:\/\/help.instagram.com\/1896641480634370?ref=ig\" target=\"_blank\" rel=\"noreferrer noopener\">pol\u00edtica de cookies<\/a><\/li><li>Cookies de WordPress, ver m\u00e1s informaci\u00f3n en su&nbsp;<a href=\"https:\/\/automattic.com\/cookies\/\" target=\"_blank\" rel=\"noreferrer noopener\">pol\u00edtica de cookies<\/a><\/li><\/ul>\n\n\n\n<h4 class=\"wp-block-heading\" id=\"se-pueden-eliminar-las-cookies\">\u00bfSe pueden eliminar las cookies?<\/h4>\n\n\n\n<p>S\u00ed, y no s\u00f3lo eliminar, tambi\u00e9n bloquear, de forma general o particular para un dominio espec\u00edfico. Para eliminar las cookies de un sitio web debes ir a la configuraci\u00f3n de tu navegador y all\u00ed podr\u00e1s buscar las asociadas al dominio en cuesti\u00f3n y proceder a su eliminaci\u00f3n.<\/p>\n\n\n\n<ul class=\"wp-block-list\"><li>Configuraci\u00f3n de cookies para&nbsp;<a href=\"http:\/\/support.google.com\/chrome\/bin\/answer.py?hl=es&amp;answer=95647\" target=\"_blank\" rel=\"noreferrer noopener\">Google Chrome<\/a><\/li><li>Configuraci\u00f3n de cookies para&nbsp;<a href=\"https:\/\/support.apple.com\/es-es\/HT201265\" target=\"_blank\" rel=\"noreferrer noopener\">Apple Safari<\/a><\/li><li>Configuraci\u00f3n de cookies para&nbsp;<a href=\"https:\/\/support.microsoft.com\/en-us\/help\/17442\/windows-internet-explorer-delete-manage-cookies#ie=ie-10\" target=\"_blank\" rel=\"noreferrer noopener\">Internet Explorer<\/a><\/li><li>Configuraci\u00f3n de cookies para&nbsp;<a href=\"https:\/\/support.mozilla.org\/es\/kb\/habilitar-y-deshabilitar-cookies-sitios-web-rastrear-preferencias?redirectlocale=es&amp;redirectslug=habilitar-y-deshabilitar-cookies-que-los-sitios-we\" target=\"_blank\" rel=\"noreferrer noopener\">Mozilla Firefox<\/a><\/li><\/ul>\n\n\n\n<h4 class=\"wp-block-heading\" id=\"mas-informacion-sobre-las-cookies\">M\u00e1s informaci\u00f3n sobre las cookies<\/h4>\n\n\n\n<p>Puedes consultar el reglamento sobre cookies publicado por la Agencia Espa\u00f1ola de Protecci\u00f3n de Datos en su \u201cGu\u00eda sobre el uso de las cookies\u201d y obtener m\u00e1s informaci\u00f3n sobre las cookies en Internet, http:\/\/www.aboutcookies.org\/<\/p>\n\n\n\n<p>Si deseas tener un mayor control sobre la instalaci\u00f3n de cookies, puedes instalar programas o complementos a tu navegador, conocidos como herramientas de \u201cDo Not Track\u201d, que te permitir\u00e1n escoger aquellas cookies que deseas permitir.<\/p>\n","protected":false},"excerpt":{"rendered":"<p>En esta web recopilamos y utilizamos la informaci\u00f3n seg\u00fan indicamos en nuestra&nbsp;pol\u00edtica de privacidad. Una de las formas en las que recopilamos informaci\u00f3n es a trav\u00e9s del uso de la tecnolog\u00eda llamada \u201ccookies\u201d. En este sitio, se utilizan cookies para varias cosas. \u00bfQu\u00e9 es una cookie? Una \u201ccookie\u201d es una peque\u00f1a cantidad de texto que&#8230;<\/p>\n","protected":false},"author":1,"featured_media":0,"parent":0,"menu_order":0,"comment_status":"closed","ping_status":"closed","template":"","meta":{"_kad_post_transparent":"","_kad_post_title":"","_kad_post_layout":"","_kad_post_sidebar_id":"","_kad_post_content_style":"","_kad_post_vertical_padding":"","_kad_post_feature":"","_kad_post_feature_position":"","_kad_post_header":false,"_kad_post_footer":false,"_kad_post_classname":"","footnotes":""},"class_list":["post-6426","page","type-page","status-publish","hentry"],"_links":{"self":[{"href":"https:\/\/europeannursingebp.com\/es\/wp-json\/wp\/v2\/pages\/6426","targetHints":{"allow":["GET"]}}],"collection":[{"href":"https:\/\/europeannursingebp.com\/es\/wp-json\/wp\/v2\/pages"}],"about":[{"href":"https:\/\/europeannursingebp.com\/es\/wp-json\/wp\/v2\/types\/page"}],"author":[{"embeddable":true,"href":"https:\/\/europeannursingebp.com\/es\/wp-json\/wp\/v2\/users\/1"}],"replies":[{"embeddable":true,"href":"https:\/\/europeannursingebp.com\/es\/wp-json\/wp\/v2\/comments?post=6426"}],"version-history":[{"count":2,"href":"https:\/\/europeannursingebp.com\/es\/wp-json\/wp\/v2\/pages\/6426\/revisions"}],"predecessor-version":[{"id":7819,"href":"https:\/\/europeannursingebp.com\/es\/wp-json\/wp\/v2\/pages\/6426\/revisions\/7819"}],"wp:attachment":[{"href":"https:\/\/europeannursingebp.com\/es\/wp-json\/wp\/v2\/media?parent=6426"}],"curies":[{"name":"wp","href":"https:\/\/api.w.org\/{rel}","templated":true}]}}